{"id":1337,"date":"2024-09-19T17:51:25","date_gmt":"2024-09-19T16:51:25","guid":{"rendered":"https:\/\/egatesa.es\/grants\/"},"modified":"2025-09-11T10:28:11","modified_gmt":"2025-09-11T09:28:11","slug":"grants","status":"publish","type":"page","link":"https:\/\/egatesa.es\/en\/grants\/","title":{"rendered":"Grants"},"content":{"rendered":"<section class=\"l-section wpb_row height_medium\"><div class=\"l-section-h i-cf\"><div class=\"g-cols vc_row via_grid cols_1 laptops-cols_inherit tablets-cols_inherit mobiles-cols_1 valign_top type_default stacking_default\"><div class=\"wpb_column vc_column_container\"><div class=\"vc_column-inner\">[vc_custom_heading source=&#8221;post_title&#8221; use_theme_fonts=&#8221;yes&#8221;]<div class=\"w-image align_center\"><a ref=\"magnificPopup\" href=\"https:\/\/egatesa.es\/wp-content\/uploads\/2024\/10\/subvencion-2.png\" aria-label=\"Link\" class=\"w-image-h\"><img decoding=\"async\" width=\"1024\" height=\"738\" src=\"https:\/\/egatesa.es\/wp-content\/uploads\/2024\/10\/subvencion-2-1024x738.png\" class=\"attachment-large size-large\" alt=\"\" srcset=\"https:\/\/egatesa.es\/wp-content\/uploads\/2024\/10\/subvencion-2-1024x738.png 1024w, https:\/\/egatesa.es\/wp-content\/uploads\/2024\/10\/subvencion-2-300x216.png 300w, https:\/\/egatesa.es\/wp-content\/uploads\/2024\/10\/subvencion-2-121x87.png 121w, https:\/\/egatesa.es\/wp-content\/uploads\/2024\/10\/subvencion-2-555x400.png 555w, https:\/\/egatesa.es\/wp-content\/uploads\/2024\/10\/subvencion-2-600x433.png 600w, https:\/\/egatesa.es\/wp-content\/uploads\/2024\/10\/subvencion-2-76x55.png 76w, https:\/\/egatesa.es\/wp-content\/uploads\/2024\/10\/subvencion-2-139x100.png 139w, https:\/\/egatesa.es\/wp-content\/uploads\/2024\/10\/subvencion-2-194x140.png 194w, https:\/\/egatesa.es\/wp-content\/uploads\/2024\/10\/subvencion-2.png 1240w\" sizes=\"(max-width: 1024px) 100vw, 1024px\" \/><\/a><\/div><div class=\"w-separator size_medium with_line width_default thick_1 style_solid color_border align_center\"><div class=\"w-separator-h\"><\/div><\/div><div class=\"w-image align_center\"><div class=\"w-image-h\"><img decoding=\"async\" width=\"1024\" height=\"624\" src=\"https:\/\/egatesa.es\/wp-content\/uploads\/2023\/12\/cartel-reactivacion-pymes-2021-2022-1024x624.jpg\" class=\"attachment-large size-large\" alt=\"\" srcset=\"https:\/\/egatesa.es\/wp-content\/uploads\/2023\/12\/cartel-reactivacion-pymes-2021-2022-1024x624.jpg 1024w, https:\/\/egatesa.es\/wp-content\/uploads\/2023\/12\/cartel-reactivacion-pymes-2021-2022-300x183.jpg 300w, https:\/\/egatesa.es\/wp-content\/uploads\/2023\/12\/cartel-reactivacion-pymes-2021-2022-143x87.jpg 143w, https:\/\/egatesa.es\/wp-content\/uploads\/2023\/12\/cartel-reactivacion-pymes-2021-2022-600x366.jpg 600w, https:\/\/egatesa.es\/wp-content\/uploads\/2023\/12\/cartel-reactivacion-pymes-2021-2022.jpg 1240w\" sizes=\"(max-width: 1024px) 100vw, 1024px\" \/><\/div><\/div><div class=\"w-separator size_medium\"><\/div><\/div><\/div><\/div><\/div><\/section>\n","protected":false},"excerpt":{"rendered":"[vc_custom_heading source=\"post_title\" use_theme_fonts=\"yes\"]","protected":false},"author":1,"featured_media":0,"parent":0,"menu_order":0,"comment_status":"closed","ping_status":"closed","template":"","meta":{"footnotes":""},"class_list":["post-1337","page","type-page","status-publish","hentry"],"acf":[],"yoast_head":"<!-- This site is optimized with the Yoast SEO Premium plugin v26.6 (Yoast SEO v26.6) - https:\/\/yoast.com\/wordpress\/plugins\/seo\/ -->\n<title>Grants - Egatesa<\/title>\n<meta name=\"robots\" content=\"index, follow, max-snippet:-1, max-image-preview:large, max-video-preview:-1\" \/>\n<link rel=\"canonical\" href=\"https:\/\/egatesa.es\/en\/grants\/\" \/>\n<meta property=\"og:locale\" content=\"en_US\" \/>\n<meta property=\"og:type\" content=\"article\" \/>\n<meta property=\"og:title\" content=\"Grants\" \/>\n<meta property=\"og:url\" content=\"https:\/\/egatesa.es\/en\/grants\/\" \/>\n<meta property=\"og:site_name\" content=\"Egatesa\" \/>\n<meta property=\"article:modified_time\" content=\"2025-09-11T09:28:11+00:00\" \/>\n<meta name=\"twitter:card\" content=\"summary_large_image\" \/>\n<script type=\"application\/ld+json\" class=\"yoast-schema-graph\">{\"@context\":\"https:\/\/schema.org\",\"@graph\":[{\"@type\":\"WebPage\",\"@id\":\"https:\/\/egatesa.es\/en\/grants\/\",\"url\":\"https:\/\/egatesa.es\/en\/grants\/\",\"name\":\"Grants - Egatesa\",\"isPartOf\":{\"@id\":\"https:\/\/egatesa.es\/en\/#website\"},\"datePublished\":\"2024-09-19T16:51:25+00:00\",\"dateModified\":\"2025-09-11T09:28:11+00:00\",\"breadcrumb\":{\"@id\":\"https:\/\/egatesa.es\/en\/grants\/#breadcrumb\"},\"inLanguage\":\"en-US\",\"potentialAction\":[{\"@type\":\"ReadAction\",\"target\":[\"https:\/\/egatesa.es\/en\/grants\/\"]}]},{\"@type\":\"BreadcrumbList\",\"@id\":\"https:\/\/egatesa.es\/en\/grants\/#breadcrumb\",\"itemListElement\":[{\"@type\":\"ListItem\",\"position\":1,\"name\":\"Portada\",\"item\":\"https:\/\/egatesa.es\/en\/\"},{\"@type\":\"ListItem\",\"position\":2,\"name\":\"Grants\"}]},{\"@type\":\"WebSite\",\"@id\":\"https:\/\/egatesa.es\/en\/#website\",\"url\":\"https:\/\/egatesa.es\/en\/\",\"name\":\"Egatesa\",\"description\":\"Carnes de confianza\",\"publisher\":{\"@id\":\"https:\/\/egatesa.es\/en\/#organization\"},\"potentialAction\":[{\"@type\":\"SearchAction\",\"target\":{\"@type\":\"EntryPoint\",\"urlTemplate\":\"https:\/\/egatesa.es\/en\/?s={search_term_string}\"},\"query-input\":{\"@type\":\"PropertyValueSpecification\",\"valueRequired\":true,\"valueName\":\"search_term_string\"}}],\"inLanguage\":\"en-US\"},{\"@type\":[\"Organization\",\"Place\"],\"@id\":\"https:\/\/egatesa.es\/en\/#organization\",\"name\":\"Egatesa\",\"alternateName\":\"Egatesa\",\"url\":\"https:\/\/egatesa.es\/en\/\",\"logo\":{\"@id\":\"https:\/\/egatesa.es\/en\/grants\/#local-main-organization-logo\"},\"image\":{\"@id\":\"https:\/\/egatesa.es\/en\/grants\/#local-main-organization-logo\"},\"description\":\"Somos una industria c\u00e1rnica de caracter familiar, 100% canaria, fundada en 1982, expertos en la elaboraci\u00f3n y distribuci\u00f3n de productos c\u00e1rnicos frescos y congelados.\",\"legalName\":\"Egatesa\",\"address\":{\"@id\":\"https:\/\/egatesa.es\/en\/grants\/#local-main-place-address\"},\"telephone\":[\"900 50 80 50\"],\"contactPoint\":{\"@type\":\"ContactPoint\",\"telephone\":\"900 50 80 50\",\"email\":\"info@egatesa.es\"},\"openingHoursSpecification\":[{\"@type\":\"OpeningHoursSpecification\",\"dayOfWeek\":[\"Monday\",\"Tuesday\",\"Wednesday\",\"Thursday\",\"Friday\"],\"opens\":\"06:00\",\"closes\":\"16:30\"},{\"@type\":\"OpeningHoursSpecification\",\"dayOfWeek\":[\"Saturday\"],\"opens\":\"06:00\",\"closes\":\"11:00\"},{\"@type\":\"OpeningHoursSpecification\",\"dayOfWeek\":[\"Sunday\"],\"opens\":\"00:00\",\"closes\":\"00:00\"}],\"email\":\"info@egatesa.es\",\"areaServed\":\"Islas Canarias\"},{\"@type\":\"PostalAddress\",\"@id\":\"https:\/\/egatesa.es\/en\/grants\/#local-main-place-address\",\"streetAddress\":\"Camino La Ca\u00f1ada, 17\",\"addressLocality\":\"La Esperanza\",\"postalCode\":\"38290\",\"addressRegion\":\"Santa Cruz de Tenerife\",\"addressCountry\":\"ES\"},{\"@type\":\"ImageObject\",\"inLanguage\":\"en-US\",\"@id\":\"https:\/\/egatesa.es\/en\/grants\/#local-main-organization-logo\",\"url\":\"https:\/\/egatesa.es\/wp-content\/uploads\/2024\/06\/Egatesa_marca-2018_-principal_carnes-de-confianza_negativo-negro.png\",\"contentUrl\":\"https:\/\/egatesa.es\/wp-content\/uploads\/2024\/06\/Egatesa_marca-2018_-principal_carnes-de-confianza_negativo-negro.png\",\"width\":805,\"height\":676,\"caption\":\"Egatesa\"}]}<\/script>\n<meta name=\"geo.placename\" content=\"La Esperanza\" \/>\n<meta name=\"geo.region\" content=\"Spain\" \/>\n<!-- \/ Yoast SEO Premium plugin. -->","yoast_head_json":{"title":"Grants - Egatesa","robots":{"index":"index","follow":"follow","max-snippet":"max-snippet:-1","max-image-preview":"max-image-preview:large","max-video-preview":"max-video-preview:-1"},"canonical":"https:\/\/egatesa.es\/en\/grants\/","og_locale":"en_US","og_type":"article","og_title":"Grants","og_url":"https:\/\/egatesa.es\/en\/grants\/","og_site_name":"Egatesa","article_modified_time":"2025-09-11T09:28:11+00:00","twitter_card":"summary_large_image","schema":{"@context":"https:\/\/schema.org","@graph":[{"@type":"WebPage","@id":"https:\/\/egatesa.es\/en\/grants\/","url":"https:\/\/egatesa.es\/en\/grants\/","name":"Grants - Egatesa","isPartOf":{"@id":"https:\/\/egatesa.es\/en\/#website"},"datePublished":"2024-09-19T16:51:25+00:00","dateModified":"2025-09-11T09:28:11+00:00","breadcrumb":{"@id":"https:\/\/egatesa.es\/en\/grants\/#breadcrumb"},"inLanguage":"en-US","potentialAction":[{"@type":"ReadAction","target":["https:\/\/egatesa.es\/en\/grants\/"]}]},{"@type":"BreadcrumbList","@id":"https:\/\/egatesa.es\/en\/grants\/#breadcrumb","itemListElement":[{"@type":"ListItem","position":1,"name":"Portada","item":"https:\/\/egatesa.es\/en\/"},{"@type":"ListItem","position":2,"name":"Grants"}]},{"@type":"WebSite","@id":"https:\/\/egatesa.es\/en\/#website","url":"https:\/\/egatesa.es\/en\/","name":"Egatesa","description":"Carnes de confianza","publisher":{"@id":"https:\/\/egatesa.es\/en\/#organization"},"potentialAction":[{"@type":"SearchAction","target":{"@type":"EntryPoint","urlTemplate":"https:\/\/egatesa.es\/en\/?s={search_term_string}"},"query-input":{"@type":"PropertyValueSpecification","valueRequired":true,"valueName":"search_term_string"}}],"inLanguage":"en-US"},{"@type":["Organization","Place"],"@id":"https:\/\/egatesa.es\/en\/#organization","name":"Egatesa","alternateName":"Egatesa","url":"https:\/\/egatesa.es\/en\/","logo":{"@id":"https:\/\/egatesa.es\/en\/grants\/#local-main-organization-logo"},"image":{"@id":"https:\/\/egatesa.es\/en\/grants\/#local-main-organization-logo"},"description":"Somos una industria c\u00e1rnica de caracter familiar, 100% canaria, fundada en 1982, expertos en la elaboraci\u00f3n y distribuci\u00f3n de productos c\u00e1rnicos frescos y congelados.","legalName":"Egatesa","address":{"@id":"https:\/\/egatesa.es\/en\/grants\/#local-main-place-address"},"telephone":["900 50 80 50"],"contactPoint":{"@type":"ContactPoint","telephone":"900 50 80 50","email":"info@egatesa.es"},"openingHoursSpecification":[{"@type":"OpeningHoursSpecification","dayOfWeek":["Monday","Tuesday","Wednesday","Thursday","Friday"],"opens":"06:00","closes":"16:30"},{"@type":"OpeningHoursSpecification","dayOfWeek":["Saturday"],"opens":"06:00","closes":"11:00"},{"@type":"OpeningHoursSpecification","dayOfWeek":["Sunday"],"opens":"00:00","closes":"00:00"}],"email":"info@egatesa.es","areaServed":"Islas Canarias"},{"@type":"PostalAddress","@id":"https:\/\/egatesa.es\/en\/grants\/#local-main-place-address","streetAddress":"Camino La Ca\u00f1ada, 17","addressLocality":"La Esperanza","postalCode":"38290","addressRegion":"Santa Cruz de Tenerife","addressCountry":"ES"},{"@type":"ImageObject","inLanguage":"en-US","@id":"https:\/\/egatesa.es\/en\/grants\/#local-main-organization-logo","url":"https:\/\/egatesa.es\/wp-content\/uploads\/2024\/06\/Egatesa_marca-2018_-principal_carnes-de-confianza_negativo-negro.png","contentUrl":"https:\/\/egatesa.es\/wp-content\/uploads\/2024\/06\/Egatesa_marca-2018_-principal_carnes-de-confianza_negativo-negro.png","width":805,"height":676,"caption":"Egatesa"}]},"geo.placename":"La Esperanza","geo.region":"Spain"},"_links":{"self":[{"href":"https:\/\/egatesa.es\/en\/wp-json\/wp\/v2\/pages\/1337","targetHints":{"allow":["GET"]}}],"collection":[{"href":"https:\/\/egatesa.es\/en\/wp-json\/wp\/v2\/pages"}],"about":[{"href":"https:\/\/egatesa.es\/en\/wp-json\/wp\/v2\/types\/page"}],"author":[{"embeddable":true,"href":"https:\/\/egatesa.es\/en\/wp-json\/wp\/v2\/users\/1"}],"replies":[{"embeddable":true,"href":"https:\/\/egatesa.es\/en\/wp-json\/wp\/v2\/comments?post=1337"}],"version-history":[{"count":0,"href":"https:\/\/egatesa.es\/en\/wp-json\/wp\/v2\/pages\/1337\/revisions"}],"wp:attachment":[{"href":"https:\/\/egatesa.es\/en\/wp-json\/wp\/v2\/media?parent=1337"}],"curies":[{"name":"wp","href":"https:\/\/api.w.org\/{rel}","templated":true}]}}