{"id":1332,"date":"2023-11-30T20:42:05","date_gmt":"2023-11-30T20:42:05","guid":{"rendered":"https:\/\/egatesa.es\/aviso-legal\/"},"modified":"2023-11-30T20:42:05","modified_gmt":"2023-11-30T20:42:05","slug":"aviso-legal","status":"publish","type":"page","link":"https:\/\/egatesa.es\/en\/aviso-legal\/","title":{"rendered":"Aviso Legal"},"content":{"rendered":"<h1>Aviso legal<\/h1>\n<h3>0. OBJETO<\/h3>\n<p>El presente aviso legal regula el uso y utilizaci\u00f3n del sitio web www.egatesa.es, del que es titular EXPLOTACIONES GANADERAS DE TENERIFE S.A. (en adelante, EGATESA).<\/p>\n<p>La navegaci\u00f3n por el sitio web de EGATESA le atribuye la condici\u00f3n de USUARIO del mismo y conlleva su aceptaci\u00f3n plena y sin reservas de todas y cada una de las condiciones publicadas en este aviso legal, advirtiendo de que dichas condiciones podr\u00e1n ser modificadas sin notificaci\u00f3n previa por parte de EGATESA, en cuyo caso se proceder\u00e1 a su publicaci\u00f3n y aviso con la m\u00e1xima antelaci\u00f3n posible.<\/p>\n<p>Por ello es recomendable leer atentamente su contenido en caso de desear acceder y hacer uso de la informaci\u00f3n y de los servicios ofrecidos desde este sitio web.<\/p>\n<p>El usuario adem\u00e1s se obliga a hacer un uso correcto del sitio web de conformidad con las leyes, la buena fe, el orden p\u00fablico, los usos del tr\u00e1fico y el presente Aviso Legal, y responder\u00e1 frente a EGATESA o frente a terceros, de cualesquiera da\u00f1os y perjuicios que pudieran causarse como consecuencia del incumplimiento de dicha obligaci\u00f3n.<\/p>\n<p>Cualquier utilizaci\u00f3n distinta a la autorizada est\u00e1 expresamente prohibida, pudiendo EGATESA denegar o retirar el acceso y su uso en cualquier momento.<\/p>\n<h3>1. IDENTIFICACI\u00d3N<\/h3>\n<p>EGATESA, en cumplimiento de la Ley 34\/2002, de 11 de julio, de Servicios de la Sociedad de la Informaci\u00f3n y de Comercio Electr\u00f3nico, le informa de que:<\/p>\n<ul>\n<li>Su denominaci\u00f3n social es: EXPLOTACIONES GANADERAS DE TENERIFE S.A.<\/li>\n<li>Su nombre comercial es: EGATESA<\/li>\n<li>Su CIF es: A-38032645<\/li>\n<li>Su domicilio social est\u00e1 en: Camino La Ca\u00f1ada, 17 \u2013 38290 Varios Municipios de Sta. Cruz de Tenerife (Tenerife \u2013 Espa\u00f1a) <\/li>\n<li>Inscrita en el Registro Mercantil de Tenerife, Tomo 6, Folio 230, Hoja TF1711.<\/li>\n<\/ul>\n<h3>2. COMUNICACIONES<\/h3>\n<p>Para comunicarse con nosotros, ponemos a su disposici\u00f3n diferentes medios de contacto que detallamos a continuaci\u00f3n:<\/p>\n<ul>\n<li>Tfno.: 922 54 80 50<\/li>\n<li>Email: <span id=\"cloak2ce5e806c2fe224d9830b085d7e0f7b5\"><a href=\"mailto:info@egatesa.es\">info@egatesa.es<\/a><\/span><\/li>\n<\/ul>\n<p>Todas las notificaciones y comunicaciones entre los usuarios y EGATESA se considerar\u00e1n eficaces, a todos los efectos, cuando se realicen a trav\u00e9s de cualquier medio de los detallados anteriormente.<\/p>\n<h3>3. CONDICIONES DE ACCESO Y UTILIZACI\u00d3N<\/h3>\n<p>El sitio web y sus servicios son de acceso libre y gratuito. No obstante, EGATESA puede condicionar la utilizaci\u00f3n de algunos de los servicios ofrecidos en su web a la previa cumplimentaci\u00f3n del correspondiente formulario. <\/p>\n<p>El usuario garantiza la autenticidad y actualidad de todos aquellos datos que comunique a EGATESA y ser\u00e1 el \u00fanico responsable de las manifestaciones falsas o inexactas que realice.<\/p>\n<p>El usuario se compromete expresamente a hacer un uso adecuado de los contenidos y servicios de EGATESA y a no emplearlos para, entre otros:<\/p>\n<ol>\n<li>Difundir contenidos, delictivos, violentos, pornogr\u00e1ficos, racistas, xen\u00f3fobos, ofensivos, de apolog\u00eda del terrorismo o, en general, contrarios a la ley o al orden p\u00fablico.<\/li>\n<li>Introducir en la red virus inform\u00e1ticos o realizar actuaciones susceptibles de alterar, estropear, interrumpir o generar errores o da\u00f1os en los documentos electr\u00f3nicos, datos o sistemas f\u00edsicos y l\u00f3gicos de EGATESA o de terceras personas; as\u00ed como obstaculizar el acceso de otros usuarios al sitio web y a sus servicios mediante el consumo masivo de los recursos inform\u00e1ticos a trav\u00e9s de los cuales EGATESA presta sus servicios.<\/li>\n<li>Intentar acceder a las cuentas de correo electr\u00f3nico de otros usuarios o a \u00e1reas restringidas de los sistemas inform\u00e1ticos de EGATESA o de terceros y, en su caso, extraer informaci\u00f3n.<\/li>\n<li>Vulnerar los derechos de propiedad intelectual o industrial, as\u00ed como violar la confidencialidad de la informaci\u00f3n de EGATESA o de terceros.<\/li>\n<li>Suplantar la identidad de cualquier otro usuario.<\/li>\n<li>Reproducir, copiar, distribuir, poner a disposici\u00f3n o de cualquier otra forma comunicar p\u00fablicamente, transformar o modificar los contenidos, a menos que se cuente con la autorizaci\u00f3n del titular de los correspondientes derechos o ello resulte legalmente permitido.<\/li>\n<li>Recabar datos con finalidad publicitaria y de remitir publicidad de cualquier clase y comunicaciones con fines de venta u otras de naturaleza comercial sin que medie su previa solicitud o consentimiento.<\/li>\n<\/ol>\n<p>Todos los contenidos del sitio web, como textos, fotograf\u00edas, gr\u00e1ficos, im\u00e1genes, iconos, tecnolog\u00eda, software, as\u00ed como su dise\u00f1o gr\u00e1fico y c\u00f3digos fuente, constituyen una obra cuya propiedad pertenece a EGATESA, sin que puedan entenderse cedidos al usuario ninguno de los derechos de explotaci\u00f3n sobre los mismos m\u00e1s all\u00e1 de lo estrictamente necesario para el correcto uso de la web.<\/p>\n<p>En definitiva, los usuarios que accedan a este sitio web pueden visualizar los contenidos y efectuar, en su caso, copias privadas autorizadas siempre que los elementos reproducidos no sean cedidos posteriormente a terceros, ni se instalen a servidores conectados a redes, ni sean objeto de ning\u00fan tipo de explotaci\u00f3n.<\/p>\n<p>Asimismo, todas las marcas, nombres comerciales o signos distintivos de cualquier clase que aparecen en el sitio web son propiedad de EGATESA, sin que pueda entenderse que el uso o acceso al mismo atribuya al usuario derecho alguno sobre los mismos.<\/p>\n<p>La distribuci\u00f3n, modificaci\u00f3n, cesi\u00f3n o comunicaci\u00f3n p\u00fablica de los contenidos y cualquier otro acto que no haya sido expresamente autorizado por el titular de los derechos de explotaci\u00f3n quedan prohibidos.<\/p>\n<p>El establecimiento de un hiperenlace no implica en ning\u00fan caso la existencia de relaciones entre EGATESA y el propietario del sitio web en la que se establezca, ni la aceptaci\u00f3n y aprobaci\u00f3n por parte de EGATESA de sus contenidos o servicios.<\/p>\n<p>EGATESA no se responsabiliza del uso que cada usuario les d\u00e9 a los materiales puestos a disposici\u00f3n en este sitio web ni de las actuaciones que realice en base a los mismos.<\/p>\n<h3>3.1 EXCLUSI\u00d3N DE GARANT\u00cdAS Y DE RESPONSABILIDAD EN EL ACCESO Y LA UTILIZACI\u00d3N<\/h3>\n<p>El contenido del presente sitio web es de car\u00e1cter general y tiene una finalidad meramente informativa, sin que se garantice plenamente el acceso a todos los contenidos, ni su exhaustividad, correcci\u00f3n, vigencia o actualidad, ni su idoneidad o utilidad para un objetivo espec\u00edfico.<\/p>\n<p>EGATESA excluye, hasta donde permite el ordenamiento jur\u00eddico, cualquier responsabilidad por los da\u00f1os y perjuicios de toda naturaleza derivados de:<\/p>\n<ol>\n<li>La imposibilidad de acceso al sitio web o la falta de veracidad, exactitud, exhaustividad y\/o actualidad de los contenidos, as\u00ed como la existencia de vicios y defectos de toda clase de los contenidos transmitidos, difundidos, almacenados, puestos a disposici\u00f3n a los que se haya accedido a trav\u00e9s del sitio web o de los servicios que se ofrecen.<\/li>\n<li>La presencia de virus o de otros elementos en los contenidos que puedan producir alteraciones en los sistemas inform\u00e1ticos, documentos electr\u00f3nicos o datos de los usuarios.<\/li>\n<li>El incumplimiento de las leyes, la buena fe, el orden p\u00fablico, los usos del tr\u00e1fico y elpresente aviso legal como consecuencia del uso incorrecto del sitio web. En particular, y a modo ejemplificativo, EGATESA no se hace responsable de las actuaciones de terceros que vulneren derechos de propiedad intelectual e industrial, secretos empresariales, derechos al honor, a la intimidad personal y familiar y a la propia imagen, as\u00ed como la normativa en materia de competencia desleal y publicidad il\u00edcita. <\/li>\n<\/ol>\n<p>Asimismo, EGATESA declina cualquier responsabilidad respecto a la informaci\u00f3n que se halle fuera de esta web y no sea gestionada directamente por nuestro webmaster. La funci\u00f3n de los links que aparecen en esta web es exclusivamente la de informar al usuario sobre la existencia de otras fuentes susceptibles de ampliar los contenidos que ofrece este sitio web. EGATESA no garantiza ni se responsabiliza del funcionamiento o accesibilidad de los sitios enlazados; ni sugiere, invita o recomienda la visita a los mismos, por lo que tampoco ser\u00e1 responsable del resultado obtenido.   EGATESA no se responsabiliza del establecimiento de hiperv\u00ednculos por parte de terceros.<\/p>\n<h3>3.2 PROCEDIMIENTO EN CASO DE REALIZACI\u00d3N DE ACTIVIDADES DE CAR\u00c1CTER IL\u00cdCITO<\/h3>\n<p>En el caso de que cualquier usuario o un tercero considere que existen hechos o circunstancias que revelen el car\u00e1cter il\u00edcito de la utilizaci\u00f3n de cualquier contenido y\/o de la realizaci\u00f3n de cualquier actividad en las p\u00e1ginas web incluidas o accesibles a trav\u00e9s del sitio web, deber\u00e1 enviar una notificaci\u00f3n a EGATESA identific\u00e1ndose debidamente y especificando las supuestas infracciones.<\/p>\n","protected":false},"excerpt":{"rendered":"<p>Aviso legal 0. OBJETO El presente aviso legal regula el uso y utilizaci\u00f3n del sitio web www.egatesa.es, del que es titular EXPLOTACIONES GANADERAS DE TENERIFE S.A. (en adelante, EGATESA). La navegaci\u00f3n por el sitio web de EGATESA le atribuye la condici\u00f3n de USUARIO del mismo y conlleva su aceptaci\u00f3n plena y sin reservas de todas&#8230;<\/p>\n","protected":false},"author":1,"featured_media":0,"parent":0,"menu_order":0,"comment_status":"closed","ping_status":"closed","template":"","meta":{"footnotes":""},"class_list":["post-1332","page","type-page","status-publish","hentry"],"acf":[],"yoast_head":"<!-- This site is optimized with the Yoast SEO Premium plugin v26.6 (Yoast SEO v26.6) - https:\/\/yoast.com\/wordpress\/plugins\/seo\/ -->\n<title>Aviso Legal - Egatesa<\/title>\n<meta name=\"robots\" content=\"index, follow, max-snippet:-1, max-image-preview:large, max-video-preview:-1\" \/>\n<link rel=\"canonical\" href=\"https:\/\/egatesa.es\/en\/aviso-legal\/\" \/>\n<meta property=\"og:locale\" content=\"en_US\" \/>\n<meta property=\"og:type\" content=\"article\" \/>\n<meta property=\"og:title\" content=\"Aviso Legal\" \/>\n<meta property=\"og:description\" content=\"Aviso legal 0. OBJETO El presente aviso legal regula el uso y utilizaci\u00f3n del sitio web www.egatesa.es, del que es titular EXPLOTACIONES GANADERAS DE TENERIFE S.A. (en adelante, EGATESA). La navegaci\u00f3n por el sitio web de EGATESA le atribuye la condici\u00f3n de USUARIO del mismo y conlleva su aceptaci\u00f3n plena y sin reservas de todas...\" \/>\n<meta property=\"og:url\" content=\"https:\/\/egatesa.es\/en\/aviso-legal\/\" \/>\n<meta property=\"og:site_name\" content=\"Egatesa\" \/>\n<meta name=\"twitter:card\" content=\"summary_large_image\" \/>\n<meta name=\"twitter:label1\" content=\"Est. reading time\" \/>\n\t<meta name=\"twitter:data1\" content=\"7 minutes\" \/>\n<script type=\"application\/ld+json\" class=\"yoast-schema-graph\">{\"@context\":\"https:\/\/schema.org\",\"@graph\":[{\"@type\":\"WebPage\",\"@id\":\"https:\/\/egatesa.es\/en\/aviso-legal\/\",\"url\":\"https:\/\/egatesa.es\/en\/aviso-legal\/\",\"name\":\"Aviso Legal - Egatesa\",\"isPartOf\":{\"@id\":\"https:\/\/egatesa.es\/en\/#website\"},\"datePublished\":\"2023-11-30T20:42:05+00:00\",\"breadcrumb\":{\"@id\":\"https:\/\/egatesa.es\/en\/aviso-legal\/#breadcrumb\"},\"inLanguage\":\"en-US\",\"potentialAction\":[{\"@type\":\"ReadAction\",\"target\":[\"https:\/\/egatesa.es\/en\/aviso-legal\/\"]}]},{\"@type\":\"BreadcrumbList\",\"@id\":\"https:\/\/egatesa.es\/en\/aviso-legal\/#breadcrumb\",\"itemListElement\":[{\"@type\":\"ListItem\",\"position\":1,\"name\":\"Portada\",\"item\":\"https:\/\/egatesa.es\/en\/\"},{\"@type\":\"ListItem\",\"position\":2,\"name\":\"Aviso Legal\"}]},{\"@type\":\"WebSite\",\"@id\":\"https:\/\/egatesa.es\/en\/#website\",\"url\":\"https:\/\/egatesa.es\/en\/\",\"name\":\"Egatesa\",\"description\":\"Carnes de confianza\",\"publisher\":{\"@id\":\"https:\/\/egatesa.es\/en\/#organization\"},\"potentialAction\":[{\"@type\":\"SearchAction\",\"target\":{\"@type\":\"EntryPoint\",\"urlTemplate\":\"https:\/\/egatesa.es\/en\/?s={search_term_string}\"},\"query-input\":{\"@type\":\"PropertyValueSpecification\",\"valueRequired\":true,\"valueName\":\"search_term_string\"}}],\"inLanguage\":\"en-US\"},{\"@type\":[\"Organization\",\"Place\"],\"@id\":\"https:\/\/egatesa.es\/en\/#organization\",\"name\":\"Egatesa\",\"alternateName\":\"Egatesa\",\"url\":\"https:\/\/egatesa.es\/en\/\",\"logo\":{\"@id\":\"https:\/\/egatesa.es\/en\/aviso-legal\/#local-main-organization-logo\"},\"image\":{\"@id\":\"https:\/\/egatesa.es\/en\/aviso-legal\/#local-main-organization-logo\"},\"description\":\"Somos una industria c\u00e1rnica de caracter familiar, 100% canaria, fundada en 1982, expertos en la elaboraci\u00f3n y distribuci\u00f3n de productos c\u00e1rnicos frescos y congelados.\",\"legalName\":\"Egatesa\",\"address\":{\"@id\":\"https:\/\/egatesa.es\/en\/aviso-legal\/#local-main-place-address\"},\"telephone\":[\"900 50 80 50\"],\"contactPoint\":{\"@type\":\"ContactPoint\",\"telephone\":\"900 50 80 50\",\"email\":\"info@egatesa.es\"},\"openingHoursSpecification\":[{\"@type\":\"OpeningHoursSpecification\",\"dayOfWeek\":[\"Monday\",\"Tuesday\",\"Wednesday\",\"Thursday\",\"Friday\"],\"opens\":\"06:00\",\"closes\":\"16:30\"},{\"@type\":\"OpeningHoursSpecification\",\"dayOfWeek\":[\"Saturday\"],\"opens\":\"06:00\",\"closes\":\"11:00\"},{\"@type\":\"OpeningHoursSpecification\",\"dayOfWeek\":[\"Sunday\"],\"opens\":\"00:00\",\"closes\":\"00:00\"}],\"email\":\"info@egatesa.es\",\"areaServed\":\"Islas Canarias\"},{\"@type\":\"PostalAddress\",\"@id\":\"https:\/\/egatesa.es\/en\/aviso-legal\/#local-main-place-address\",\"streetAddress\":\"Camino La Ca\u00f1ada, 17\",\"addressLocality\":\"La Esperanza\",\"postalCode\":\"38290\",\"addressRegion\":\"Santa Cruz de Tenerife\",\"addressCountry\":\"ES\"},{\"@type\":\"ImageObject\",\"inLanguage\":\"en-US\",\"@id\":\"https:\/\/egatesa.es\/en\/aviso-legal\/#local-main-organization-logo\",\"url\":\"https:\/\/egatesa.es\/wp-content\/uploads\/2024\/06\/Egatesa_marca-2018_-principal_carnes-de-confianza_negativo-negro.png\",\"contentUrl\":\"https:\/\/egatesa.es\/wp-content\/uploads\/2024\/06\/Egatesa_marca-2018_-principal_carnes-de-confianza_negativo-negro.png\",\"width\":805,\"height\":676,\"caption\":\"Egatesa\"}]}<\/script>\n<meta name=\"geo.placename\" content=\"La Esperanza\" \/>\n<meta name=\"geo.region\" content=\"Spain\" \/>\n<!-- \/ Yoast SEO Premium plugin. -->","yoast_head_json":{"title":"Aviso Legal - Egatesa","robots":{"index":"index","follow":"follow","max-snippet":"max-snippet:-1","max-image-preview":"max-image-preview:large","max-video-preview":"max-video-preview:-1"},"canonical":"https:\/\/egatesa.es\/en\/aviso-legal\/","og_locale":"en_US","og_type":"article","og_title":"Aviso Legal","og_description":"Aviso legal 0. OBJETO El presente aviso legal regula el uso y utilizaci\u00f3n del sitio web www.egatesa.es, del que es titular EXPLOTACIONES GANADERAS DE TENERIFE S.A. (en adelante, EGATESA). La navegaci\u00f3n por el sitio web de EGATESA le atribuye la condici\u00f3n de USUARIO del mismo y conlleva su aceptaci\u00f3n plena y sin reservas de todas...","og_url":"https:\/\/egatesa.es\/en\/aviso-legal\/","og_site_name":"Egatesa","twitter_card":"summary_large_image","twitter_misc":{"Est. reading time":"7 minutes"},"schema":{"@context":"https:\/\/schema.org","@graph":[{"@type":"WebPage","@id":"https:\/\/egatesa.es\/en\/aviso-legal\/","url":"https:\/\/egatesa.es\/en\/aviso-legal\/","name":"Aviso Legal - Egatesa","isPartOf":{"@id":"https:\/\/egatesa.es\/en\/#website"},"datePublished":"2023-11-30T20:42:05+00:00","breadcrumb":{"@id":"https:\/\/egatesa.es\/en\/aviso-legal\/#breadcrumb"},"inLanguage":"en-US","potentialAction":[{"@type":"ReadAction","target":["https:\/\/egatesa.es\/en\/aviso-legal\/"]}]},{"@type":"BreadcrumbList","@id":"https:\/\/egatesa.es\/en\/aviso-legal\/#breadcrumb","itemListElement":[{"@type":"ListItem","position":1,"name":"Portada","item":"https:\/\/egatesa.es\/en\/"},{"@type":"ListItem","position":2,"name":"Aviso Legal"}]},{"@type":"WebSite","@id":"https:\/\/egatesa.es\/en\/#website","url":"https:\/\/egatesa.es\/en\/","name":"Egatesa","description":"Carnes de confianza","publisher":{"@id":"https:\/\/egatesa.es\/en\/#organization"},"potentialAction":[{"@type":"SearchAction","target":{"@type":"EntryPoint","urlTemplate":"https:\/\/egatesa.es\/en\/?s={search_term_string}"},"query-input":{"@type":"PropertyValueSpecification","valueRequired":true,"valueName":"search_term_string"}}],"inLanguage":"en-US"},{"@type":["Organization","Place"],"@id":"https:\/\/egatesa.es\/en\/#organization","name":"Egatesa","alternateName":"Egatesa","url":"https:\/\/egatesa.es\/en\/","logo":{"@id":"https:\/\/egatesa.es\/en\/aviso-legal\/#local-main-organization-logo"},"image":{"@id":"https:\/\/egatesa.es\/en\/aviso-legal\/#local-main-organization-logo"},"description":"Somos una industria c\u00e1rnica de caracter familiar, 100% canaria, fundada en 1982, expertos en la elaboraci\u00f3n y distribuci\u00f3n de productos c\u00e1rnicos frescos y congelados.","legalName":"Egatesa","address":{"@id":"https:\/\/egatesa.es\/en\/aviso-legal\/#local-main-place-address"},"telephone":["900 50 80 50"],"contactPoint":{"@type":"ContactPoint","telephone":"900 50 80 50","email":"info@egatesa.es"},"openingHoursSpecification":[{"@type":"OpeningHoursSpecification","dayOfWeek":["Monday","Tuesday","Wednesday","Thursday","Friday"],"opens":"06:00","closes":"16:30"},{"@type":"OpeningHoursSpecification","dayOfWeek":["Saturday"],"opens":"06:00","closes":"11:00"},{"@type":"OpeningHoursSpecification","dayOfWeek":["Sunday"],"opens":"00:00","closes":"00:00"}],"email":"info@egatesa.es","areaServed":"Islas Canarias"},{"@type":"PostalAddress","@id":"https:\/\/egatesa.es\/en\/aviso-legal\/#local-main-place-address","streetAddress":"Camino La Ca\u00f1ada, 17","addressLocality":"La Esperanza","postalCode":"38290","addressRegion":"Santa Cruz de Tenerife","addressCountry":"ES"},{"@type":"ImageObject","inLanguage":"en-US","@id":"https:\/\/egatesa.es\/en\/aviso-legal\/#local-main-organization-logo","url":"https:\/\/egatesa.es\/wp-content\/uploads\/2024\/06\/Egatesa_marca-2018_-principal_carnes-de-confianza_negativo-negro.png","contentUrl":"https:\/\/egatesa.es\/wp-content\/uploads\/2024\/06\/Egatesa_marca-2018_-principal_carnes-de-confianza_negativo-negro.png","width":805,"height":676,"caption":"Egatesa"}]},"geo.placename":"La Esperanza","geo.region":"Spain"},"_links":{"self":[{"href":"https:\/\/egatesa.es\/en\/wp-json\/wp\/v2\/pages\/1332","targetHints":{"allow":["GET"]}}],"collection":[{"href":"https:\/\/egatesa.es\/en\/wp-json\/wp\/v2\/pages"}],"about":[{"href":"https:\/\/egatesa.es\/en\/wp-json\/wp\/v2\/types\/page"}],"author":[{"embeddable":true,"href":"https:\/\/egatesa.es\/en\/wp-json\/wp\/v2\/users\/1"}],"replies":[{"embeddable":true,"href":"https:\/\/egatesa.es\/en\/wp-json\/wp\/v2\/comments?post=1332"}],"version-history":[{"count":0,"href":"https:\/\/egatesa.es\/en\/wp-json\/wp\/v2\/pages\/1332\/revisions"}],"wp:attachment":[{"href":"https:\/\/egatesa.es\/en\/wp-json\/wp\/v2\/media?parent=1332"}],"curies":[{"name":"wp","href":"https:\/\/api.w.org\/{rel}","templated":true}]}}