{"id":1214,"date":"2024-06-03T16:22:54","date_gmt":"2024-06-03T15:22:54","guid":{"rendered":"https:\/\/egatesa.es\/csr\/"},"modified":"2025-09-10T12:13:38","modified_gmt":"2025-09-10T11:13:38","slug":"csr","status":"publish","type":"page","link":"https:\/\/egatesa.es\/en\/csr\/","title":{"rendered":"CSR"},"content":{"rendered":"<section class=\"l-section wpb_row us_custom_eb849559 height_medium color_primary\"><div class=\"l-section-overlay\" style=\"background:#000000\"><\/div><div class=\"l-section-h i-cf\"><div class=\"g-cols vc_row via_grid cols_1 laptops-cols_inherit tablets-cols_inherit mobiles-cols_1 valign_top type_default stacking_default\"><div class=\"wpb_column vc_column_container\"><div class=\"vc_column-inner\">[vc_custom_heading source=&#8221;post_title&#8221; use_theme_fonts=&#8221;yes&#8221; css=&#8221;%7B%22default%22%3A%7B%22color%22%3A%22_header_middle_text_hover%22%2C%22text-align%22%3A%22center%22%2C%22font-size%22%3A%223rem%22%7D%7D&#8221;]<div class=\"wpb_text_column us_custom_7ef6ca70 has_text_color\"><div class=\"wpb_wrapper\"><p>We want to give back to the planet and society for everything they have given us.<\/p>\n<\/div><\/div><\/div><\/div><\/div><\/div><\/section><section class=\"l-section wpb_row us_custom_eca3f0f4 height_auto width_full\"><div class=\"l-section-h i-cf\"><div class=\"g-cols vc_row via_grid cols_2 laptops-cols_inherit tablets-cols_inherit mobiles-cols_1 valign_top type_default stacking_default\"><div class=\"wpb_column vc_column_container us_custom_c79cfba1 hide_on_tablets hide_on_mobiles has_bg_color\"><div class=\"vc_column-inner\"><div class=\"w-separator hide_on_tablets hide_on_mobiles size_huge\"><\/div><div class=\"w-separator hide_on_tablets hide_on_mobiles size_huge\"><\/div><\/div><\/div><div class=\"wpb_column vc_column_container\"><div class=\"vc_column-inner\"><div class=\"w-separator hide_on_tablets hide_on_mobiles size_huge\"><\/div><div class=\"w-image hide_on_default hide_on_laptops align_none\"><div class=\"w-image-h\"><img decoding=\"async\" width=\"1000\" height=\"667\" src=\"https:\/\/egatesa.es\/wp-content\/uploads\/2024\/09\/placas-solares.jpg\" class=\"attachment-large size-large\" alt=\"\" srcset=\"https:\/\/egatesa.es\/wp-content\/uploads\/2024\/09\/placas-solares.jpg 1000w, https:\/\/egatesa.es\/wp-content\/uploads\/2024\/09\/placas-solares-300x200.jpg 300w, https:\/\/egatesa.es\/wp-content\/uploads\/2024\/09\/placas-solares-130x87.jpg 130w, https:\/\/egatesa.es\/wp-content\/uploads\/2024\/09\/placas-solares-600x400.jpg 600w, https:\/\/egatesa.es\/wp-content\/uploads\/2024\/09\/placas-solares-82x55.jpg 82w, https:\/\/egatesa.es\/wp-content\/uploads\/2024\/09\/placas-solares-150x100.jpg 150w, https:\/\/egatesa.es\/wp-content\/uploads\/2024\/09\/placas-solares-210x140.jpg 210w\" sizes=\"(max-width: 1000px) 100vw, 1000px\" \/><\/div><\/div><div class=\"w-separator hide_on_default hide_on_laptops size_medium\"><\/div><div class=\"wpb_text_column us_custom_e0d5283d has_text_color us_animate_this\"><div class=\"wpb_wrapper\"><h3>SUSTAINABILITY<\/h3>\n<\/div><\/div><div class=\"w-separator size_small\"><\/div><div class=\"w-iconbox us_custom_8f7b07a9 us_animate_this iconpos_left style_default color_primary align_left no_title icontype_img\"><div class=\"w-iconbox-icon\" style=\"font-size:2rem;\"><img decoding=\"async\" width=\"512\" height=\"512\" src=\"https:\/\/egatesa.es\/wp-content\/uploads\/2024\/09\/eco.png\" class=\"attachment-full size-full\" alt=\"\" srcset=\"https:\/\/egatesa.es\/wp-content\/uploads\/2024\/09\/eco.png 512w, https:\/\/egatesa.es\/wp-content\/uploads\/2024\/09\/eco-300x300.png 300w, https:\/\/egatesa.es\/wp-content\/uploads\/2024\/09\/eco-150x150.png 150w, https:\/\/egatesa.es\/wp-content\/uploads\/2024\/09\/eco-87x87.png 87w, https:\/\/egatesa.es\/wp-content\/uploads\/2024\/09\/eco-400x400.png 400w, https:\/\/egatesa.es\/wp-content\/uploads\/2024\/09\/eco-350x350.png 350w, https:\/\/egatesa.es\/wp-content\/uploads\/2024\/09\/eco-55x55.png 55w, https:\/\/egatesa.es\/wp-content\/uploads\/2024\/09\/eco-100x100.png 100w, https:\/\/egatesa.es\/wp-content\/uploads\/2024\/09\/eco-140x140.png 140w\" sizes=\"(max-width: 512px) 100vw, 512px\" \/><\/div><div class=\"w-iconbox-meta\"><div class=\"w-iconbox-text\"><p>We are committed to sustainability and believe in the circular economy model: reduce, reuse, and recycle.<\/p>\n<\/div><\/div><\/div><div class=\"w-separator size_small\"><\/div><div class=\"w-iconbox us_custom_8f7b07a9 us_animate_this iconpos_left style_default color_primary align_left no_title icontype_img\"><div class=\"w-iconbox-icon\" style=\"font-size:2rem;\"><img decoding=\"async\" width=\"512\" height=\"512\" src=\"https:\/\/egatesa.es\/wp-content\/uploads\/2024\/09\/fridge.png\" class=\"attachment-full size-full\" alt=\"\" srcset=\"https:\/\/egatesa.es\/wp-content\/uploads\/2024\/09\/fridge.png 512w, https:\/\/egatesa.es\/wp-content\/uploads\/2024\/09\/fridge-300x300.png 300w, https:\/\/egatesa.es\/wp-content\/uploads\/2024\/09\/fridge-150x150.png 150w, https:\/\/egatesa.es\/wp-content\/uploads\/2024\/09\/fridge-87x87.png 87w, https:\/\/egatesa.es\/wp-content\/uploads\/2024\/09\/fridge-400x400.png 400w, https:\/\/egatesa.es\/wp-content\/uploads\/2024\/09\/fridge-350x350.png 350w, https:\/\/egatesa.es\/wp-content\/uploads\/2024\/09\/fridge-55x55.png 55w, https:\/\/egatesa.es\/wp-content\/uploads\/2024\/09\/fridge-100x100.png 100w, https:\/\/egatesa.es\/wp-content\/uploads\/2024\/09\/fridge-140x140.png 140w\" sizes=\"(max-width: 512px) 100vw, 512px\" \/><\/div><div class=\"w-iconbox-meta\"><div class=\"w-iconbox-text\"><p>State-of-the-art refrigeration system.<\/p>\n<\/div><\/div><\/div><div class=\"w-separator size_small\"><\/div><div class=\"w-iconbox us_custom_8f7b07a9 us_animate_this iconpos_left style_default color_primary align_left no_title icontype_img\"><div class=\"w-iconbox-icon\" style=\"font-size:2rem;\"><img decoding=\"async\" width=\"512\" height=\"512\" src=\"https:\/\/egatesa.es\/wp-content\/uploads\/2024\/09\/bolt.png\" class=\"attachment-full size-full\" alt=\"\" srcset=\"https:\/\/egatesa.es\/wp-content\/uploads\/2024\/09\/bolt.png 512w, https:\/\/egatesa.es\/wp-content\/uploads\/2024\/09\/bolt-300x300.png 300w, https:\/\/egatesa.es\/wp-content\/uploads\/2024\/09\/bolt-150x150.png 150w, https:\/\/egatesa.es\/wp-content\/uploads\/2024\/09\/bolt-87x87.png 87w, https:\/\/egatesa.es\/wp-content\/uploads\/2024\/09\/bolt-400x400.png 400w, https:\/\/egatesa.es\/wp-content\/uploads\/2024\/09\/bolt-350x350.png 350w, https:\/\/egatesa.es\/wp-content\/uploads\/2024\/09\/bolt-55x55.png 55w, https:\/\/egatesa.es\/wp-content\/uploads\/2024\/09\/bolt-100x100.png 100w, https:\/\/egatesa.es\/wp-content\/uploads\/2024\/09\/bolt-140x140.png 140w\" sizes=\"(max-width: 512px) 100vw, 512px\" \/><\/div><div class=\"w-iconbox-meta\"><div class=\"w-iconbox-text\"><p>We generate 20% of the energy we need.<\/p>\n<\/div><\/div><\/div><div class=\"w-separator hide_on_default hide_on_laptops size_medium\"><\/div><div class=\"w-separator hide_on_tablets hide_on_mobiles size_huge\"><\/div><\/div><\/div><\/div><\/div><\/section><section class=\"l-section wpb_row us_custom_4c44fd26 height_auto width_full\"><div class=\"l-section-h i-cf\"><div class=\"g-cols vc_row via_grid cols_2 laptops-cols_inherit tablets-cols_inherit mobiles-cols_1 valign_top type_default reversed stacking_default\"><div class=\"wpb_column vc_column_container\"><div class=\"vc_column-inner\"><div class=\"w-separator hide_on_tablets hide_on_mobiles size_huge\"><\/div><div class=\"w-separator hide_on_default hide_on_laptops size_medium\"><\/div><div class=\"wpb_text_column us_custom_e0d5283d has_text_color us_animate_this\"><div class=\"wpb_wrapper\"><h3>SOCIETY<\/h3>\n<\/div><\/div><div class=\"wpb_text_column us_custom_0d6f5360 has_text_color us_animate_this\"><div class=\"wpb_wrapper\"><h4>We Do it from the Heart.<\/h4>\n<\/div><\/div><div class=\"w-separator size_small\"><\/div><div class=\"w-iconbox us_custom_8f7b07a9 us_animate_this iconpos_left style_default color_primary align_left icontype_img\"><div class=\"w-iconbox-icon\" style=\"font-size:2rem;\"><img decoding=\"async\" width=\"512\" height=\"512\" src=\"https:\/\/egatesa.es\/wp-content\/uploads\/2024\/09\/heart.png\" class=\"attachment-full size-full\" alt=\"\" srcset=\"https:\/\/egatesa.es\/wp-content\/uploads\/2024\/09\/heart.png 512w, https:\/\/egatesa.es\/wp-content\/uploads\/2024\/09\/heart-300x300.png 300w, https:\/\/egatesa.es\/wp-content\/uploads\/2024\/09\/heart-150x150.png 150w, https:\/\/egatesa.es\/wp-content\/uploads\/2024\/09\/heart-87x87.png 87w, https:\/\/egatesa.es\/wp-content\/uploads\/2024\/09\/heart-400x400.png 400w, https:\/\/egatesa.es\/wp-content\/uploads\/2024\/09\/heart-350x350.png 350w, https:\/\/egatesa.es\/wp-content\/uploads\/2024\/09\/heart-55x55.png 55w, https:\/\/egatesa.es\/wp-content\/uploads\/2024\/09\/heart-100x100.png 100w, https:\/\/egatesa.es\/wp-content\/uploads\/2024\/09\/heart-140x140.png 140w\" sizes=\"(max-width: 512px) 100vw, 512px\" \/><\/div><div class=\"w-iconbox-meta\"><p class=\"w-iconbox-title\">Food Donation<\/p><div class=\"w-iconbox-text\"><p>15,000 kg last year<\/p>\n<\/div><\/div><\/div><div class=\"w-separator size_small\"><\/div><div class=\"w-iconbox us_custom_8f7b07a9 us_animate_this iconpos_left style_default color_primary align_left no_text icontype_img\"><div class=\"w-iconbox-icon\" style=\"font-size:2rem;\"><img decoding=\"async\" width=\"512\" height=\"512\" src=\"https:\/\/egatesa.es\/wp-content\/uploads\/2024\/09\/colaboration.png\" class=\"attachment-full size-full\" alt=\"\" srcset=\"https:\/\/egatesa.es\/wp-content\/uploads\/2024\/09\/colaboration.png 512w, https:\/\/egatesa.es\/wp-content\/uploads\/2024\/09\/colaboration-300x300.png 300w, https:\/\/egatesa.es\/wp-content\/uploads\/2024\/09\/colaboration-150x150.png 150w, https:\/\/egatesa.es\/wp-content\/uploads\/2024\/09\/colaboration-87x87.png 87w, https:\/\/egatesa.es\/wp-content\/uploads\/2024\/09\/colaboration-400x400.png 400w, https:\/\/egatesa.es\/wp-content\/uploads\/2024\/09\/colaboration-350x350.png 350w, https:\/\/egatesa.es\/wp-content\/uploads\/2024\/09\/colaboration-55x55.png 55w, https:\/\/egatesa.es\/wp-content\/uploads\/2024\/09\/colaboration-100x100.png 100w, https:\/\/egatesa.es\/wp-content\/uploads\/2024\/09\/colaboration-140x140.png 140w\" sizes=\"(max-width: 512px) 100vw, 512px\" \/><\/div><div class=\"w-iconbox-meta\"><p class=\"w-iconbox-title\">Collaboration with Associations, NGOs, and Foundations.<\/p><\/div><\/div><div class=\"w-separator size_small\"><\/div><div class=\"w-iconbox us_custom_8f7b07a9 us_animate_this iconpos_left style_default color_primary align_left icontype_img\"><div class=\"w-iconbox-icon\" style=\"font-size:2rem;\"><img decoding=\"async\" width=\"512\" height=\"512\" src=\"https:\/\/egatesa.es\/wp-content\/uploads\/2024\/09\/running-shoes.png\" class=\"attachment-full size-full\" alt=\"\" srcset=\"https:\/\/egatesa.es\/wp-content\/uploads\/2024\/09\/running-shoes.png 512w, https:\/\/egatesa.es\/wp-content\/uploads\/2024\/09\/running-shoes-300x300.png 300w, https:\/\/egatesa.es\/wp-content\/uploads\/2024\/09\/running-shoes-150x150.png 150w, https:\/\/egatesa.es\/wp-content\/uploads\/2024\/09\/running-shoes-87x87.png 87w, https:\/\/egatesa.es\/wp-content\/uploads\/2024\/09\/running-shoes-400x400.png 400w, https:\/\/egatesa.es\/wp-content\/uploads\/2024\/09\/running-shoes-350x350.png 350w, https:\/\/egatesa.es\/wp-content\/uploads\/2024\/09\/running-shoes-55x55.png 55w, https:\/\/egatesa.es\/wp-content\/uploads\/2024\/09\/running-shoes-100x100.png 100w, https:\/\/egatesa.es\/wp-content\/uploads\/2024\/09\/running-shoes-140x140.png 140w\" sizes=\"(max-width: 512px) 100vw, 512px\" \/><\/div><div class=\"w-iconbox-meta\"><p class=\"w-iconbox-title\">Sports and Culture<\/p><div class=\"w-iconbox-text\"><p>We support different sports, social, and cultural activities.<\/p>\n<\/div><\/div><\/div><div class=\"w-separator hide_on_default hide_on_laptops size_medium\"><\/div><div class=\"w-separator hide_on_tablets hide_on_mobiles size_huge\"><\/div><\/div><\/div><div class=\"wpb_column vc_column_container\"><div class=\"vc_column-inner\"><div class=\"w-image align_none\"><div class=\"w-image-h\"><img decoding=\"async\" width=\"1088\" height=\"1049\" src=\"https:\/\/egatesa.es\/wp-content\/uploads\/2024\/10\/foto-corazon-scaled-e1729962734761.jpg\" class=\"attachment-full size-full\" alt=\"\" srcset=\"https:\/\/egatesa.es\/wp-content\/uploads\/2024\/10\/foto-corazon-scaled-e1729962734761.jpg 1088w, https:\/\/egatesa.es\/wp-content\/uploads\/2024\/10\/foto-corazon-scaled-e1729962734761-300x289.jpg 300w, https:\/\/egatesa.es\/wp-content\/uploads\/2024\/10\/foto-corazon-scaled-e1729962734761-1024x987.jpg 1024w, https:\/\/egatesa.es\/wp-content\/uploads\/2024\/10\/foto-corazon-scaled-e1729962734761-90x87.jpg 90w, https:\/\/egatesa.es\/wp-content\/uploads\/2024\/10\/foto-corazon-scaled-e1729962734761-415x400.jpg 415w, https:\/\/egatesa.es\/wp-content\/uploads\/2024\/10\/foto-corazon-scaled-e1729962734761-600x578.jpg 600w, https:\/\/egatesa.es\/wp-content\/uploads\/2024\/10\/foto-corazon-scaled-e1729962734761-57x55.jpg 57w, https:\/\/egatesa.es\/wp-content\/uploads\/2024\/10\/foto-corazon-scaled-e1729962734761-104x100.jpg 104w, https:\/\/egatesa.es\/wp-content\/uploads\/2024\/10\/foto-corazon-scaled-e1729962734761-145x140.jpg 145w\" sizes=\"(max-width: 1088px) 100vw, 1088px\" \/><\/div><\/div><\/div><\/div><\/div><\/div><\/section>\n","protected":false},"excerpt":{"rendered":"[vc_custom_heading source=\"post_title\" use_theme_fonts=\"yes\" css=\"%7B%22default%22%3A%7B%22color%22%3A%22_header_middle_text_hover%22%2C%22text-align%22%3A%22center%22%2C%22font-size%22%3A%223rem%22%7D%7D\"]We want to give back to the planet and society for everything they have given us. SUSTAINABILITY We are committed to sustainability and believe in the circular economy model: reduce, reuse, and recycle. State-of-the-art refrigeration system. We generate 20% of the energy we need. SOCIETY We Do it from the Heart. Food...","protected":false},"author":1,"featured_media":1213,"parent":0,"menu_order":0,"comment_status":"closed","ping_status":"closed","template":"","meta":{"footnotes":""},"class_list":["post-1214","page","type-page","status-publish","has-post-thumbnail","hentry"],"acf":[],"yoast_head":"<!-- This site is optimized with the Yoast SEO Premium plugin v26.6 (Yoast SEO v26.6) - https:\/\/yoast.com\/wordpress\/plugins\/seo\/ -->\n<title>CSR - Egatesa<\/title>\n<meta name=\"robots\" content=\"index, follow, max-snippet:-1, max-image-preview:large, max-video-preview:-1\" \/>\n<link rel=\"canonical\" href=\"https:\/\/egatesa.es\/en\/csr\/\" \/>\n<meta property=\"og:locale\" content=\"en_US\" \/>\n<meta property=\"og:type\" content=\"article\" \/>\n<meta property=\"og:title\" content=\"CSR\" \/>\n<meta property=\"og:url\" content=\"https:\/\/egatesa.es\/en\/csr\/\" \/>\n<meta property=\"og:site_name\" content=\"Egatesa\" \/>\n<meta property=\"article:modified_time\" content=\"2025-09-10T11:13:38+00:00\" \/>\n<meta property=\"og:image\" content=\"https:\/\/egatesa.es\/wp-content\/uploads\/2024\/06\/equipo.jpg\" \/>\n\t<meta property=\"og:image:width\" content=\"1952\" \/>\n\t<meta property=\"og:image:height\" content=\"1080\" \/>\n\t<meta property=\"og:image:type\" content=\"image\/jpeg\" \/>\n<meta name=\"twitter:card\" content=\"summary_large_image\" \/>\n<meta name=\"twitter:label1\" content=\"Est. reading time\" \/>\n\t<meta name=\"twitter:data1\" content=\"4 minutes\" \/>\n<script type=\"application\/ld+json\" class=\"yoast-schema-graph\">{\"@context\":\"https:\/\/schema.org\",\"@graph\":[{\"@type\":\"WebPage\",\"@id\":\"https:\/\/egatesa.es\/en\/csr\/\",\"url\":\"https:\/\/egatesa.es\/en\/csr\/\",\"name\":\"CSR - Egatesa\",\"isPartOf\":{\"@id\":\"https:\/\/egatesa.es\/en\/#website\"},\"primaryImageOfPage\":{\"@id\":\"https:\/\/egatesa.es\/en\/csr\/#primaryimage\"},\"image\":{\"@id\":\"https:\/\/egatesa.es\/en\/csr\/#primaryimage\"},\"thumbnailUrl\":\"https:\/\/egatesa.es\/wp-content\/uploads\/2024\/06\/equipo.jpg\",\"datePublished\":\"2024-06-03T15:22:54+00:00\",\"dateModified\":\"2025-09-10T11:13:38+00:00\",\"breadcrumb\":{\"@id\":\"https:\/\/egatesa.es\/en\/csr\/#breadcrumb\"},\"inLanguage\":\"en-US\",\"potentialAction\":[{\"@type\":\"ReadAction\",\"target\":[\"https:\/\/egatesa.es\/en\/csr\/\"]}]},{\"@type\":\"ImageObject\",\"inLanguage\":\"en-US\",\"@id\":\"https:\/\/egatesa.es\/en\/csr\/#primaryimage\",\"url\":\"https:\/\/egatesa.es\/wp-content\/uploads\/2024\/06\/equipo.jpg\",\"contentUrl\":\"https:\/\/egatesa.es\/wp-content\/uploads\/2024\/06\/equipo.jpg\",\"width\":1952,\"height\":1080},{\"@type\":\"BreadcrumbList\",\"@id\":\"https:\/\/egatesa.es\/en\/csr\/#breadcrumb\",\"itemListElement\":[{\"@type\":\"ListItem\",\"position\":1,\"name\":\"Portada\",\"item\":\"https:\/\/egatesa.es\/en\/\"},{\"@type\":\"ListItem\",\"position\":2,\"name\":\"CSR\"}]},{\"@type\":\"WebSite\",\"@id\":\"https:\/\/egatesa.es\/en\/#website\",\"url\":\"https:\/\/egatesa.es\/en\/\",\"name\":\"Egatesa\",\"description\":\"Carnes de confianza\",\"publisher\":{\"@id\":\"https:\/\/egatesa.es\/en\/#organization\"},\"potentialAction\":[{\"@type\":\"SearchAction\",\"target\":{\"@type\":\"EntryPoint\",\"urlTemplate\":\"https:\/\/egatesa.es\/en\/?s={search_term_string}\"},\"query-input\":{\"@type\":\"PropertyValueSpecification\",\"valueRequired\":true,\"valueName\":\"search_term_string\"}}],\"inLanguage\":\"en-US\"},{\"@type\":[\"Organization\",\"Place\"],\"@id\":\"https:\/\/egatesa.es\/en\/#organization\",\"name\":\"Egatesa\",\"alternateName\":\"Egatesa\",\"url\":\"https:\/\/egatesa.es\/en\/\",\"logo\":{\"@id\":\"https:\/\/egatesa.es\/en\/csr\/#local-main-organization-logo\"},\"image\":{\"@id\":\"https:\/\/egatesa.es\/en\/csr\/#local-main-organization-logo\"},\"description\":\"Somos una industria c\u00e1rnica de caracter familiar, 100% canaria, fundada en 1982, expertos en la elaboraci\u00f3n y distribuci\u00f3n de productos c\u00e1rnicos frescos y congelados.\",\"legalName\":\"Egatesa\",\"address\":{\"@id\":\"https:\/\/egatesa.es\/en\/csr\/#local-main-place-address\"},\"telephone\":[\"900 50 80 50\"],\"contactPoint\":{\"@type\":\"ContactPoint\",\"telephone\":\"900 50 80 50\",\"email\":\"info@egatesa.es\"},\"openingHoursSpecification\":[{\"@type\":\"OpeningHoursSpecification\",\"dayOfWeek\":[\"Monday\",\"Tuesday\",\"Wednesday\",\"Thursday\",\"Friday\"],\"opens\":\"06:00\",\"closes\":\"16:30\"},{\"@type\":\"OpeningHoursSpecification\",\"dayOfWeek\":[\"Saturday\"],\"opens\":\"06:00\",\"closes\":\"11:00\"},{\"@type\":\"OpeningHoursSpecification\",\"dayOfWeek\":[\"Sunday\"],\"opens\":\"00:00\",\"closes\":\"00:00\"}],\"email\":\"info@egatesa.es\",\"areaServed\":\"Islas Canarias\"},{\"@type\":\"PostalAddress\",\"@id\":\"https:\/\/egatesa.es\/en\/csr\/#local-main-place-address\",\"streetAddress\":\"Camino La Ca\u00f1ada, 17\",\"addressLocality\":\"La Esperanza\",\"postalCode\":\"38290\",\"addressRegion\":\"Santa Cruz de Tenerife\",\"addressCountry\":\"ES\"},{\"@type\":\"ImageObject\",\"inLanguage\":\"en-US\",\"@id\":\"https:\/\/egatesa.es\/en\/csr\/#local-main-organization-logo\",\"url\":\"https:\/\/egatesa.es\/wp-content\/uploads\/2024\/06\/Egatesa_marca-2018_-principal_carnes-de-confianza_negativo-negro.png\",\"contentUrl\":\"https:\/\/egatesa.es\/wp-content\/uploads\/2024\/06\/Egatesa_marca-2018_-principal_carnes-de-confianza_negativo-negro.png\",\"width\":805,\"height\":676,\"caption\":\"Egatesa\"}]}<\/script>\n<meta name=\"geo.placename\" content=\"La Esperanza\" \/>\n<meta name=\"geo.region\" content=\"Spain\" \/>\n<!-- \/ Yoast SEO Premium plugin. -->","yoast_head_json":{"title":"CSR - Egatesa","robots":{"index":"index","follow":"follow","max-snippet":"max-snippet:-1","max-image-preview":"max-image-preview:large","max-video-preview":"max-video-preview:-1"},"canonical":"https:\/\/egatesa.es\/en\/csr\/","og_locale":"en_US","og_type":"article","og_title":"CSR","og_url":"https:\/\/egatesa.es\/en\/csr\/","og_site_name":"Egatesa","article_modified_time":"2025-09-10T11:13:38+00:00","og_image":[{"width":1952,"height":1080,"url":"https:\/\/egatesa.es\/wp-content\/uploads\/2024\/06\/equipo.jpg","type":"image\/jpeg"}],"twitter_card":"summary_large_image","twitter_misc":{"Est. reading time":"4 minutes"},"schema":{"@context":"https:\/\/schema.org","@graph":[{"@type":"WebPage","@id":"https:\/\/egatesa.es\/en\/csr\/","url":"https:\/\/egatesa.es\/en\/csr\/","name":"CSR - Egatesa","isPartOf":{"@id":"https:\/\/egatesa.es\/en\/#website"},"primaryImageOfPage":{"@id":"https:\/\/egatesa.es\/en\/csr\/#primaryimage"},"image":{"@id":"https:\/\/egatesa.es\/en\/csr\/#primaryimage"},"thumbnailUrl":"https:\/\/egatesa.es\/wp-content\/uploads\/2024\/06\/equipo.jpg","datePublished":"2024-06-03T15:22:54+00:00","dateModified":"2025-09-10T11:13:38+00:00","breadcrumb":{"@id":"https:\/\/egatesa.es\/en\/csr\/#breadcrumb"},"inLanguage":"en-US","potentialAction":[{"@type":"ReadAction","target":["https:\/\/egatesa.es\/en\/csr\/"]}]},{"@type":"ImageObject","inLanguage":"en-US","@id":"https:\/\/egatesa.es\/en\/csr\/#primaryimage","url":"https:\/\/egatesa.es\/wp-content\/uploads\/2024\/06\/equipo.jpg","contentUrl":"https:\/\/egatesa.es\/wp-content\/uploads\/2024\/06\/equipo.jpg","width":1952,"height":1080},{"@type":"BreadcrumbList","@id":"https:\/\/egatesa.es\/en\/csr\/#breadcrumb","itemListElement":[{"@type":"ListItem","position":1,"name":"Portada","item":"https:\/\/egatesa.es\/en\/"},{"@type":"ListItem","position":2,"name":"CSR"}]},{"@type":"WebSite","@id":"https:\/\/egatesa.es\/en\/#website","url":"https:\/\/egatesa.es\/en\/","name":"Egatesa","description":"Carnes de confianza","publisher":{"@id":"https:\/\/egatesa.es\/en\/#organization"},"potentialAction":[{"@type":"SearchAction","target":{"@type":"EntryPoint","urlTemplate":"https:\/\/egatesa.es\/en\/?s={search_term_string}"},"query-input":{"@type":"PropertyValueSpecification","valueRequired":true,"valueName":"search_term_string"}}],"inLanguage":"en-US"},{"@type":["Organization","Place"],"@id":"https:\/\/egatesa.es\/en\/#organization","name":"Egatesa","alternateName":"Egatesa","url":"https:\/\/egatesa.es\/en\/","logo":{"@id":"https:\/\/egatesa.es\/en\/csr\/#local-main-organization-logo"},"image":{"@id":"https:\/\/egatesa.es\/en\/csr\/#local-main-organization-logo"},"description":"Somos una industria c\u00e1rnica de caracter familiar, 100% canaria, fundada en 1982, expertos en la elaboraci\u00f3n y distribuci\u00f3n de productos c\u00e1rnicos frescos y congelados.","legalName":"Egatesa","address":{"@id":"https:\/\/egatesa.es\/en\/csr\/#local-main-place-address"},"telephone":["900 50 80 50"],"contactPoint":{"@type":"ContactPoint","telephone":"900 50 80 50","email":"info@egatesa.es"},"openingHoursSpecification":[{"@type":"OpeningHoursSpecification","dayOfWeek":["Monday","Tuesday","Wednesday","Thursday","Friday"],"opens":"06:00","closes":"16:30"},{"@type":"OpeningHoursSpecification","dayOfWeek":["Saturday"],"opens":"06:00","closes":"11:00"},{"@type":"OpeningHoursSpecification","dayOfWeek":["Sunday"],"opens":"00:00","closes":"00:00"}],"email":"info@egatesa.es","areaServed":"Islas Canarias"},{"@type":"PostalAddress","@id":"https:\/\/egatesa.es\/en\/csr\/#local-main-place-address","streetAddress":"Camino La Ca\u00f1ada, 17","addressLocality":"La Esperanza","postalCode":"38290","addressRegion":"Santa Cruz de Tenerife","addressCountry":"ES"},{"@type":"ImageObject","inLanguage":"en-US","@id":"https:\/\/egatesa.es\/en\/csr\/#local-main-organization-logo","url":"https:\/\/egatesa.es\/wp-content\/uploads\/2024\/06\/Egatesa_marca-2018_-principal_carnes-de-confianza_negativo-negro.png","contentUrl":"https:\/\/egatesa.es\/wp-content\/uploads\/2024\/06\/Egatesa_marca-2018_-principal_carnes-de-confianza_negativo-negro.png","width":805,"height":676,"caption":"Egatesa"}]},"geo.placename":"La Esperanza","geo.region":"Spain"},"_links":{"self":[{"href":"https:\/\/egatesa.es\/en\/wp-json\/wp\/v2\/pages\/1214","targetHints":{"allow":["GET"]}}],"collection":[{"href":"https:\/\/egatesa.es\/en\/wp-json\/wp\/v2\/pages"}],"about":[{"href":"https:\/\/egatesa.es\/en\/wp-json\/wp\/v2\/types\/page"}],"author":[{"embeddable":true,"href":"https:\/\/egatesa.es\/en\/wp-json\/wp\/v2\/users\/1"}],"replies":[{"embeddable":true,"href":"https:\/\/egatesa.es\/en\/wp-json\/wp\/v2\/comments?post=1214"}],"version-history":[{"count":0,"href":"https:\/\/egatesa.es\/en\/wp-json\/wp\/v2\/pages\/1214\/revisions"}],"wp:featuredmedia":[{"embeddable":true,"href":"https:\/\/egatesa.es\/en\/wp-json\/wp\/v2\/media\/1213"}],"wp:attachment":[{"href":"https:\/\/egatesa.es\/en\/wp-json\/wp\/v2\/media?parent=1214"}],"curies":[{"name":"wp","href":"https:\/\/api.w.org\/{rel}","templated":true}]}}