{"id":1147,"date":"2023-11-30T20:12:22","date_gmt":"2023-11-30T20:12:22","guid":{"rendered":"https:\/\/egatesa.es\/contact\/"},"modified":"2025-09-10T12:03:43","modified_gmt":"2025-09-10T11:03:43","slug":"contact","status":"publish","type":"page","link":"https:\/\/egatesa.es\/en\/contact\/","title":{"rendered":"Contact"},"content":{"rendered":"<section class=\"l-section wpb_row height_medium color_primary with_img\"><div class=\"l-section-img\" role=\"img\" data-img-width=\"1240\" data-img-height=\"677\" style=\"background-image: url(https:\/\/egatesa.es\/wp-content\/uploads\/2024\/06\/egatesa_contacto.jpg);background-repeat: no-repeat;\"><\/div><div class=\"l-section-h i-cf\"><div class=\"g-cols vc_row via_grid cols_1 laptops-cols_inherit tablets-cols_inherit mobiles-cols_1 valign_top type_default stacking_default\"><div class=\"wpb_column vc_column_container\"><div class=\"vc_column-inner\"><div class=\"w-separator size_huge\"><\/div>[vc_custom_heading source=&#8221;post_title&#8221; font_container=&#8221;tag:h1|text_align:center&#8221; use_theme_fonts=&#8221;yes&#8221;]<div class=\"w-separator size_medium\"><\/div><\/div><\/div><\/div><\/div><\/section><section class=\"l-section wpb_row height_medium with_shape\"><div class=\"l-section-overlay\" style=\"background:var(--color-header-middle-text)\"><\/div><div class=\"l-section-shape type_tilt pos_bottom hor_flip\" style=\"height:75vmin;color:#ffffff\"><svg xmlns=\"http:\/\/www.w3.org\/2000\/svg\" viewBox=\"0 0 64 8\" preserveAspectRatio=\"none\" width=\"100%\" height=\"100%\">\r\n\t<path fill=\"currentColor\" d=\"M64 7.9 L64 10 L0 10 L0 0 Z\"\/>\r\n<\/svg><\/div><div class=\"l-section-h i-cf\"><div class=\"g-cols vc_row via_grid cols_1 laptops-cols_inherit tablets-cols_inherit mobiles-cols_1 valign_top type_default stacking_default\"><div class=\"wpb_column vc_column_container\"><div class=\"vc_column-inner\"><div class=\"w-hwrapper hide_on_default hide_on_laptops valign_top wrap align_center\" style=\"--hwrapper-gap:1.5rem\"><div class=\"w-iconbox us_custom_064d3121 iconpos_top style_circle color_primary align_center no_text\"><a target=\"_blank\" href=\"tel:+34900508050\" class=\"w-iconbox-link\" aria-label=\"900 50 80 50\"><div class=\"w-iconbox-icon\" style=\"font-size:2rem;\"><i class=\"fas fa-phone\"><\/i><\/div><\/a><div class=\"w-iconbox-meta\"><a target=\"_blank\" href=\"tel:+34900508050\" class=\"w-iconbox-link\" aria-label=\"900 50 80 50\"><p class=\"w-iconbox-title\">900 50 80 50<\/p><\/a><\/div><\/div><div class=\"w-iconbox us_custom_064d3121 iconpos_top style_circle color_primary align_center no_text\"><a target=\"_blank\" href=\"mailto:info@egatesa.es\" class=\"w-iconbox-link\" aria-label=\"info@egatesa.es\"><div class=\"w-iconbox-icon\" style=\"font-size:2rem;\"><i class=\"far fa-envelope\"><\/i><\/div><\/a><div class=\"w-iconbox-meta\"><a target=\"_blank\" href=\"mailto:info@egatesa.es\" class=\"w-iconbox-link\" aria-label=\"info@egatesa.es\"><p class=\"w-iconbox-title\">info@egatesa.es<\/p><\/a><\/div><\/div><\/div><div class=\"w-iconbox us_custom_61c3a967 hide_on_default hide_on_laptops iconpos_top style_circle color_primary align_center no_title\"><a target=\"_blank\" href=\"https:\/\/maps.app.goo.gl\/Vgy3izbCkcgi1waD7\" class=\"w-iconbox-link\" aria-label=\"far|map-pin\"><div class=\"w-iconbox-icon\" style=\"font-size:2rem;\"><i class=\"far fa-map-pin\"><\/i><\/div><\/a><div class=\"w-iconbox-meta\"><div class=\"w-iconbox-text\"><p>Camino La Ca\u00f1ada, 17<br \/>\n38290 &#8211; La Esperanza<br \/>\nTenerife<\/p>\n<\/div><\/div><\/div><div class=\"g-cols wpb_row us_custom_847b9c0a hide_on_tablets hide_on_mobiles via_grid cols_3 laptops-cols_inherit tablets-cols_inherit mobiles-cols_1 valign_top type_default stacking_default\"><div class=\"wpb_column vc_column_container\"><div class=\"vc_column-inner\"><div class=\"w-iconbox us_custom_064d3121 iconpos_top style_circle color_primary align_center no_text\"><a target=\"_blank\" href=\"tel:+34900508050\" class=\"w-iconbox-link\" aria-label=\"900 50 80 50\"><div class=\"w-iconbox-icon\" style=\"font-size:2rem;\"><i class=\"fas fa-phone\"><\/i><\/div><\/a><div class=\"w-iconbox-meta\"><a target=\"_blank\" href=\"tel:+34900508050\" class=\"w-iconbox-link\" aria-label=\"900 50 80 50\"><p class=\"w-iconbox-title\">900 50 80 50<\/p><\/a><\/div><\/div><\/div><\/div><div class=\"wpb_column vc_column_container\"><div class=\"vc_column-inner\"><div class=\"w-iconbox us_custom_064d3121 iconpos_top style_circle color_primary align_center no_text\"><a target=\"_blank\" href=\"mailto:info@egatesa.es\" class=\"w-iconbox-link\" aria-label=\"info@egatesa.es\"><div class=\"w-iconbox-icon\" style=\"font-size:2rem;\"><i class=\"far fa-envelope\"><\/i><\/div><\/a><div class=\"w-iconbox-meta\"><a target=\"_blank\" href=\"mailto:info@egatesa.es\" class=\"w-iconbox-link\" aria-label=\"info@egatesa.es\"><p class=\"w-iconbox-title\">info@egatesa.es<\/p><\/a><\/div><\/div><\/div><\/div><div class=\"wpb_column vc_column_container\"><div class=\"vc_column-inner\"><div class=\"w-iconbox us_custom_064d3121 iconpos_top style_circle color_primary align_center no_title\"><a target=\"_blank\" href=\"https:\/\/maps.app.goo.gl\/Vgy3izbCkcgi1waD7\" class=\"w-iconbox-link\" aria-label=\"far|map-pin\"><div class=\"w-iconbox-icon\" style=\"font-size:2rem;\"><i class=\"far fa-map-pin\"><\/i><\/div><\/a><div class=\"w-iconbox-meta\"><div class=\"w-iconbox-text\"><p>Camino La Ca\u00f1ada, 17<br \/>\n38290 &#8211; La Esperanza<br \/>\nTenerife<\/p>\n<\/div><\/div><\/div><\/div><\/div><\/div><div class=\"w-separator size_medium\"><\/div><div class=\"g-cols wpb_row via_grid cols_1-2-1 laptops-cols_inherit tablets-cols_inherit mobiles-cols_1 valign_top type_default stacking_default\"><div class=\"wpb_column vc_column_container\"><div class=\"vc_column-inner\"><\/div><\/div><div class=\"wpb_column vc_column_container\"><div class=\"vc_column-inner\"><div class=\"wpb_text_column\"><div class=\"wpb_wrapper\"><p style=\"text-align: left;\"><strong>Inquiry Form<\/strong><\/p>\n<\/div><\/div><div class=\"w-separator size_small\"><\/div><form class=\"w-form  layout_ver for_cform us_form_1\" autocomplete=\"off\" action=\"https:\/\/egatesa.es\/en\/wp-json\/wp\/v2\/pages\/1147\" method=\"post\"><div class=\"w-form-h\"><div class=\"w-form-row for_text required with_icon\">\r\n\t\t<div class=\"w-form-row-field\">\r\n\t\t\t\t<i class=\"far fa-user\"><\/i>\t\t<input aria-label=\"Name\" type=\"text\" name=\"us_form_1_text_1\" value placeholder=\"Name *\" data-required=\"true\" aria-required=\"true\"\/>\r\n\t\t\t<\/div>\r\n\t\t<div class=\"w-form-row-state\">Fill out this field<\/div>\r\n<\/div>\r\n<div class=\"w-form-row for_email required with_icon cols_2\">\r\n\t\t<div class=\"w-form-row-field\">\r\n\t\t\t\t<i class=\"far fa-envelope\"><\/i>\t\t<input aria-label=\"Email\" type=\"email\" name=\"us_form_1_email_1\" value placeholder=\"Email *\" data-required=\"true\" aria-required=\"true\"\/>\r\n\t\t\t<\/div>\r\n\t\t<div class=\"w-form-row-state\">Please enter a valid email address.<\/div>\r\n<\/div>\r\n<div class=\"w-form-row for_text with_icon cols_2\">\r\n\t\t<div class=\"w-form-row-field\">\r\n\t\t\t\t<i class=\"far fa-phone\"><\/i>\t\t<input aria-label=\"Phone\" type=\"text\" name=\"us_form_1_text_2\" value placeholder=\"Phone\"\/>\r\n\t\t\t<\/div>\r\n\t\t<div class=\"w-form-row-state\">Fill out this field<\/div>\r\n<\/div>\r\n<div class=\"w-form-row for_textarea required with_icon\">\r\n\t\t<div class=\"w-form-row-field\">\r\n\t\t\t\t<i class=\"far fa-keyboard\"><\/i>\t\t<textarea aria-label=\"Message\" name=\"us_form_1_textarea_1\" placeholder=\"Message *\" data-required=\"true\" aria-required=\"true\"><\/textarea>\r\n\t\t\t<\/div>\r\n\t\t<div class=\"w-form-row-state\">Fill out this field<\/div>\r\n<\/div>\r\n<div class=\"w-form-row for_agreement required\">\r\n\t\t<div class=\"w-form-row-field\">\r\n\t\t\t\t<label>\r\n\t\t\t<input type=\"checkbox\" value=\"1\" data-required=\"true\" aria-required=\"true\" name=\"us_form_1_agreement_1\"\/>\r\n\t\t\t<span>I have read and accept the <a href=\"https:\/\/egatesa.es\/privacidad\/\">Privacy Policy<\/a>.<\/span>\r\n\t\t<\/label>\r\n\t\t\t<\/div>\r\n\t\t<div class=\"w-form-row-state\">You need to agree with the terms to proceed<\/div>\r\n<\/div>\r\n<div class=\"w-form-row for_captcha has_label required\">\r\n\t<div class=\"w-form-row-label\">\r\n\t\t<span>Perform the operation:  <span>27 - 12 = ?<\/span><\/span>\r\n\t<\/div>\r\n\t<div class=\"w-form-row-field\">\r\n\t\t\t\t<input type=\"hidden\" name=\"us_form_1_captcha_1_hash\" value=\"d7d3b12eb845f0c8abf9ed153218b54f\" \/>\r\n\t\t\t\t<input aria-label=\"Perform the operation: \" type=\"text\" name=\"us_form_1_captcha_1\" placeholder data-required=\"true\" aria-required=\"true\"\/>\r\n\t\t\t<\/div>\r\n\t\t<div class=\"w-form-row-state\">Enter the equation result to proceed<\/div>\r\n<\/div>\r\n<input type=\"hidden\" name=\"action\" value=\"us_ajax_cform\" \/>\r\n<input type=\"hidden\" name=\"post_id\" value=\"0\" \/>\r\n<input type=\"hidden\" name=\"form_index\" value=\"1\" \/>\r\n<div class=\"w-form-row for_submit  align_none\">\r\n\t<button class=\"w-btn  us-btn-style_1\" aria-label=\"Send message\" type=\"submit\">\r\n\t\t<span class=\"g-preloader type_1\"><\/span>\r\n\t\t\t\t<span class=\"w-btn-label\">Send message<\/span>\r\n\t\t\t<\/button>\r\n\t<\/div>\r\n<\/div><div class=\"w-form-message\"><\/div><div class=\"w-form-json hidden\" onclick='return {&quot;ajaxurl&quot;:&quot;https:\\\/\\\/egatesa.es\\\/wp-admin\\\/admin-ajax.php&quot;,&quot;messages&quot;:{&quot;err_empty&quot;:&quot;Fill out this field&quot;,&quot;err_size&quot;:&quot;File size cannot exceed %s MB&quot;,&quot;err_extension&quot;:&quot;%s file type is not allowed&quot;}}'><\/div><\/form><\/div><\/div><div class=\"wpb_column vc_column_container\"><div class=\"vc_column-inner\"><\/div><\/div><\/div><\/div><\/div><\/div><\/div><\/section><section class=\"l-section wpb_row height_auto width_full\"><div class=\"l-section-h i-cf\"><div class=\"g-cols vc_row via_grid cols_1 laptops-cols_inherit tablets-cols_inherit mobiles-cols_1 valign_top type_default stacking_default\"><div class=\"wpb_column vc_column_container\"><div class=\"vc_column-inner\"><div class=\"w-html\"><iframe src=\"https:\/\/www.google.com\/maps\/embed?pb=!1m18!1m12!1m3!1d1797.5664438724154!2d-16.358144103464706!3d28.465737749476002!2m3!1f0!2f0!3f0!3m2!1i1024!2i768!4f13.1!3m3!1m2!1s0xc41d27c934e0727:0xc604f524e6b52af1!2sC. la Ca\u00f1ada, 17, 38290 La Laguna, Santa Cruz de Tenerife!5e1!3m2!1ses!2ses!4v1730726141120!5m2!1ses!2ses\" width=\"100%\" height=\"350\" style=\"border:0;\" allowfullscreen=\"\" loading=\"lazy\" referrerpolicy=\"no-referrer-when-downgrade\"><\/iframe><\/div><\/div><\/div><\/div><\/div><\/section>\n","protected":false},"excerpt":{"rendered":"[vc_custom_heading source=\"post_title\" font_container=\"tag:h1|text_align:center\" use_theme_fonts=\"yes\"] 900 50 80 50info@egatesa.esCamino La Ca\u00f1ada, 17 38290 - La Esperanza Tenerife 900 50 80 50info@egatesa.esCamino La Ca\u00f1ada, 17 38290 - La Esperanza Tenerife Inquiry Form Fill out this field Please enter a valid email address. Fill out this field Fill out this field I have read and accept the Privacy...","protected":false},"author":1,"featured_media":0,"parent":0,"menu_order":0,"comment_status":"closed","ping_status":"closed","template":"","meta":{"footnotes":""},"class_list":["post-1147","page","type-page","status-publish","hentry"],"acf":[],"yoast_head":"<!-- This site is optimized with the Yoast SEO Premium plugin v26.6 (Yoast SEO v26.6) - https:\/\/yoast.com\/wordpress\/plugins\/seo\/ -->\n<title>Contact - Egatesa<\/title>\n<meta name=\"robots\" content=\"index, follow, max-snippet:-1, max-image-preview:large, max-video-preview:-1\" \/>\n<link rel=\"canonical\" href=\"https:\/\/egatesa.es\/en\/contact\/\" \/>\n<meta property=\"og:locale\" content=\"en_US\" \/>\n<meta property=\"og:type\" content=\"article\" \/>\n<meta property=\"og:title\" content=\"Contact\" \/>\n<meta property=\"og:url\" content=\"https:\/\/egatesa.es\/en\/contact\/\" \/>\n<meta property=\"og:site_name\" content=\"Egatesa\" \/>\n<meta property=\"article:modified_time\" content=\"2025-09-10T11:03:43+00:00\" \/>\n<meta name=\"twitter:card\" content=\"summary_large_image\" \/>\n<meta name=\"twitter:label1\" content=\"Est. reading time\" \/>\n\t<meta name=\"twitter:data1\" content=\"5 minutes\" \/>\n<script type=\"application\/ld+json\" class=\"yoast-schema-graph\">{\"@context\":\"https:\/\/schema.org\",\"@graph\":[{\"@type\":\"WebPage\",\"@id\":\"https:\/\/egatesa.es\/en\/contact\/\",\"url\":\"https:\/\/egatesa.es\/en\/contact\/\",\"name\":\"Contact - Egatesa\",\"isPartOf\":{\"@id\":\"https:\/\/egatesa.es\/en\/#website\"},\"datePublished\":\"2023-11-30T20:12:22+00:00\",\"dateModified\":\"2025-09-10T11:03:43+00:00\",\"breadcrumb\":{\"@id\":\"https:\/\/egatesa.es\/en\/contact\/#breadcrumb\"},\"inLanguage\":\"en-US\",\"potentialAction\":[{\"@type\":\"ReadAction\",\"target\":[\"https:\/\/egatesa.es\/en\/contact\/\"]}]},{\"@type\":\"BreadcrumbList\",\"@id\":\"https:\/\/egatesa.es\/en\/contact\/#breadcrumb\",\"itemListElement\":[{\"@type\":\"ListItem\",\"position\":1,\"name\":\"Portada\",\"item\":\"https:\/\/egatesa.es\/en\/\"},{\"@type\":\"ListItem\",\"position\":2,\"name\":\"Contact\"}]},{\"@type\":\"WebSite\",\"@id\":\"https:\/\/egatesa.es\/en\/#website\",\"url\":\"https:\/\/egatesa.es\/en\/\",\"name\":\"Egatesa\",\"description\":\"Carnes de confianza\",\"publisher\":{\"@id\":\"https:\/\/egatesa.es\/en\/#organization\"},\"potentialAction\":[{\"@type\":\"SearchAction\",\"target\":{\"@type\":\"EntryPoint\",\"urlTemplate\":\"https:\/\/egatesa.es\/en\/?s={search_term_string}\"},\"query-input\":{\"@type\":\"PropertyValueSpecification\",\"valueRequired\":true,\"valueName\":\"search_term_string\"}}],\"inLanguage\":\"en-US\"},{\"@type\":[\"Organization\",\"Place\"],\"@id\":\"https:\/\/egatesa.es\/en\/#organization\",\"name\":\"Egatesa\",\"alternateName\":\"Egatesa\",\"url\":\"https:\/\/egatesa.es\/en\/\",\"logo\":{\"@id\":\"https:\/\/egatesa.es\/en\/contact\/#local-main-organization-logo\"},\"image\":{\"@id\":\"https:\/\/egatesa.es\/en\/contact\/#local-main-organization-logo\"},\"description\":\"Somos una industria c\u00e1rnica de caracter familiar, 100% canaria, fundada en 1982, expertos en la elaboraci\u00f3n y distribuci\u00f3n de productos c\u00e1rnicos frescos y congelados.\",\"legalName\":\"Egatesa\",\"address\":{\"@id\":\"https:\/\/egatesa.es\/en\/contact\/#local-main-place-address\"},\"telephone\":[\"900 50 80 50\"],\"contactPoint\":{\"@type\":\"ContactPoint\",\"telephone\":\"900 50 80 50\",\"email\":\"info@egatesa.es\"},\"openingHoursSpecification\":[{\"@type\":\"OpeningHoursSpecification\",\"dayOfWeek\":[\"Monday\",\"Tuesday\",\"Wednesday\",\"Thursday\",\"Friday\"],\"opens\":\"06:00\",\"closes\":\"16:30\"},{\"@type\":\"OpeningHoursSpecification\",\"dayOfWeek\":[\"Saturday\"],\"opens\":\"06:00\",\"closes\":\"11:00\"},{\"@type\":\"OpeningHoursSpecification\",\"dayOfWeek\":[\"Sunday\"],\"opens\":\"00:00\",\"closes\":\"00:00\"}],\"email\":\"info@egatesa.es\",\"areaServed\":\"Islas Canarias\"},{\"@type\":\"PostalAddress\",\"@id\":\"https:\/\/egatesa.es\/en\/contact\/#local-main-place-address\",\"streetAddress\":\"Camino La Ca\u00f1ada, 17\",\"addressLocality\":\"La Esperanza\",\"postalCode\":\"38290\",\"addressRegion\":\"Santa Cruz de Tenerife\",\"addressCountry\":\"ES\"},{\"@type\":\"ImageObject\",\"inLanguage\":\"en-US\",\"@id\":\"https:\/\/egatesa.es\/en\/contact\/#local-main-organization-logo\",\"url\":\"https:\/\/egatesa.es\/wp-content\/uploads\/2024\/06\/Egatesa_marca-2018_-principal_carnes-de-confianza_negativo-negro.png\",\"contentUrl\":\"https:\/\/egatesa.es\/wp-content\/uploads\/2024\/06\/Egatesa_marca-2018_-principal_carnes-de-confianza_negativo-negro.png\",\"width\":805,\"height\":676,\"caption\":\"Egatesa\"}]}<\/script>\n<meta name=\"geo.placename\" content=\"La Esperanza\" \/>\n<meta name=\"geo.region\" content=\"Spain\" \/>\n<!-- \/ Yoast SEO Premium plugin. -->","yoast_head_json":{"title":"Contact - Egatesa","robots":{"index":"index","follow":"follow","max-snippet":"max-snippet:-1","max-image-preview":"max-image-preview:large","max-video-preview":"max-video-preview:-1"},"canonical":"https:\/\/egatesa.es\/en\/contact\/","og_locale":"en_US","og_type":"article","og_title":"Contact","og_url":"https:\/\/egatesa.es\/en\/contact\/","og_site_name":"Egatesa","article_modified_time":"2025-09-10T11:03:43+00:00","twitter_card":"summary_large_image","twitter_misc":{"Est. reading time":"5 minutes"},"schema":{"@context":"https:\/\/schema.org","@graph":[{"@type":"WebPage","@id":"https:\/\/egatesa.es\/en\/contact\/","url":"https:\/\/egatesa.es\/en\/contact\/","name":"Contact - Egatesa","isPartOf":{"@id":"https:\/\/egatesa.es\/en\/#website"},"datePublished":"2023-11-30T20:12:22+00:00","dateModified":"2025-09-10T11:03:43+00:00","breadcrumb":{"@id":"https:\/\/egatesa.es\/en\/contact\/#breadcrumb"},"inLanguage":"en-US","potentialAction":[{"@type":"ReadAction","target":["https:\/\/egatesa.es\/en\/contact\/"]}]},{"@type":"BreadcrumbList","@id":"https:\/\/egatesa.es\/en\/contact\/#breadcrumb","itemListElement":[{"@type":"ListItem","position":1,"name":"Portada","item":"https:\/\/egatesa.es\/en\/"},{"@type":"ListItem","position":2,"name":"Contact"}]},{"@type":"WebSite","@id":"https:\/\/egatesa.es\/en\/#website","url":"https:\/\/egatesa.es\/en\/","name":"Egatesa","description":"Carnes de confianza","publisher":{"@id":"https:\/\/egatesa.es\/en\/#organization"},"potentialAction":[{"@type":"SearchAction","target":{"@type":"EntryPoint","urlTemplate":"https:\/\/egatesa.es\/en\/?s={search_term_string}"},"query-input":{"@type":"PropertyValueSpecification","valueRequired":true,"valueName":"search_term_string"}}],"inLanguage":"en-US"},{"@type":["Organization","Place"],"@id":"https:\/\/egatesa.es\/en\/#organization","name":"Egatesa","alternateName":"Egatesa","url":"https:\/\/egatesa.es\/en\/","logo":{"@id":"https:\/\/egatesa.es\/en\/contact\/#local-main-organization-logo"},"image":{"@id":"https:\/\/egatesa.es\/en\/contact\/#local-main-organization-logo"},"description":"Somos una industria c\u00e1rnica de caracter familiar, 100% canaria, fundada en 1982, expertos en la elaboraci\u00f3n y distribuci\u00f3n de productos c\u00e1rnicos frescos y congelados.","legalName":"Egatesa","address":{"@id":"https:\/\/egatesa.es\/en\/contact\/#local-main-place-address"},"telephone":["900 50 80 50"],"contactPoint":{"@type":"ContactPoint","telephone":"900 50 80 50","email":"info@egatesa.es"},"openingHoursSpecification":[{"@type":"OpeningHoursSpecification","dayOfWeek":["Monday","Tuesday","Wednesday","Thursday","Friday"],"opens":"06:00","closes":"16:30"},{"@type":"OpeningHoursSpecification","dayOfWeek":["Saturday"],"opens":"06:00","closes":"11:00"},{"@type":"OpeningHoursSpecification","dayOfWeek":["Sunday"],"opens":"00:00","closes":"00:00"}],"email":"info@egatesa.es","areaServed":"Islas Canarias"},{"@type":"PostalAddress","@id":"https:\/\/egatesa.es\/en\/contact\/#local-main-place-address","streetAddress":"Camino La Ca\u00f1ada, 17","addressLocality":"La Esperanza","postalCode":"38290","addressRegion":"Santa Cruz de Tenerife","addressCountry":"ES"},{"@type":"ImageObject","inLanguage":"en-US","@id":"https:\/\/egatesa.es\/en\/contact\/#local-main-organization-logo","url":"https:\/\/egatesa.es\/wp-content\/uploads\/2024\/06\/Egatesa_marca-2018_-principal_carnes-de-confianza_negativo-negro.png","contentUrl":"https:\/\/egatesa.es\/wp-content\/uploads\/2024\/06\/Egatesa_marca-2018_-principal_carnes-de-confianza_negativo-negro.png","width":805,"height":676,"caption":"Egatesa"}]},"geo.placename":"La Esperanza","geo.region":"Spain"},"_links":{"self":[{"href":"https:\/\/egatesa.es\/en\/wp-json\/wp\/v2\/pages\/1147","targetHints":{"allow":["GET"]}}],"collection":[{"href":"https:\/\/egatesa.es\/en\/wp-json\/wp\/v2\/pages"}],"about":[{"href":"https:\/\/egatesa.es\/en\/wp-json\/wp\/v2\/types\/page"}],"author":[{"embeddable":true,"href":"https:\/\/egatesa.es\/en\/wp-json\/wp\/v2\/users\/1"}],"replies":[{"embeddable":true,"href":"https:\/\/egatesa.es\/en\/wp-json\/wp\/v2\/comments?post=1147"}],"version-history":[{"count":0,"href":"https:\/\/egatesa.es\/en\/wp-json\/wp\/v2\/pages\/1147\/revisions"}],"wp:attachment":[{"href":"https:\/\/egatesa.es\/en\/wp-json\/wp\/v2\/media?parent=1147"}],"curies":[{"name":"wp","href":"https:\/\/api.w.org\/{rel}","templated":true}]}}